{"id":99,"date":"2017-05-12T15:25:45","date_gmt":"2017-05-12T21:25:45","guid":{"rendered":"https:\/\/cmtepa.edu.mx\/?page_id=99"},"modified":"2024-03-04T09:38:55","modified_gmt":"2024-03-04T15:38:55","slug":"primaria","status":"publish","type":"page","link":"https:\/\/cmtepa.edu.mx\/?page_id=99","title":{"rendered":"PRIMARIA"},"content":{"rendered":"<p><img loading=\"lazy\" decoding=\"async\" class=\"aligncenter wp-image-1778 size-full\" src=\"https:\/\/cmtepa.edu.mx\/wp-content\/uploads\/IMG_0695-1-scaled.jpg\" alt=\"\" width=\"2560\" height=\"1707\" srcset=\"https:\/\/cmtepa.edu.mx\/wp-content\/uploads\/IMG_0695-1-scaled.jpg 2560w, https:\/\/cmtepa.edu.mx\/wp-content\/uploads\/IMG_0695-1-300x200.jpg 300w, https:\/\/cmtepa.edu.mx\/wp-content\/uploads\/IMG_0695-1-1024x683.jpg 1024w, https:\/\/cmtepa.edu.mx\/wp-content\/uploads\/IMG_0695-1-768x512.jpg 768w, https:\/\/cmtepa.edu.mx\/wp-content\/uploads\/IMG_0695-1-1536x1024.jpg 1536w, https:\/\/cmtepa.edu.mx\/wp-content\/uploads\/IMG_0695-1-2048x1365.jpg 2048w\" sizes=\"auto, (max-width: 2560px) 100vw, 2560px\" \/><\/p>\n<p style=\"text-align: justify;\">Fortalecemos el aprendizaje de las ni\u00f1as y ni\u00f1os en un ambiente seguro e incluyente.<\/p>\n<p><img loading=\"lazy\" decoding=\"async\" class=\"wp-image-1600 size-large aligncenter\" src=\"https:\/\/cmtepa.edu.mx\/wp-content\/uploads\/IMG_0004-1024x565.jpeg\" alt=\"\" width=\"590\" height=\"326\" srcset=\"https:\/\/cmtepa.edu.mx\/wp-content\/uploads\/IMG_0004-1024x565.jpeg 1024w, https:\/\/cmtepa.edu.mx\/wp-content\/uploads\/IMG_0004-300x165.jpeg 300w, https:\/\/cmtepa.edu.mx\/wp-content\/uploads\/IMG_0004-768x423.jpeg 768w, https:\/\/cmtepa.edu.mx\/wp-content\/uploads\/IMG_0004-1536x847.jpeg 1536w, https:\/\/cmtepa.edu.mx\/wp-content\/uploads\/IMG_0004-2048x1129.jpeg 2048w, https:\/\/cmtepa.edu.mx\/wp-content\/uploads\/IMG_0004-816x450.jpeg 816w\" sizes=\"auto, (max-width: 590px) 100vw, 590px\" \/><\/p>\n<p style=\"text-align: justify;\">Trabajamos mediante el programa establecido por la Secretar\u00eda de Educaci\u00f3n P\u00fablica a nivel priaria. Los campos de formaci\u00f3n para la educaci\u00f3n b\u00e1sica son:<\/p>\n<ul style=\"text-align: justify;\">\n<li>Lenguaje y comunicaci\u00f3n.<\/li>\n<li>Pensamiento matem\u00e1tico.<\/li>\n<li>Exploraci\u00f3n y comprensi\u00f3n del mundo natural y social.<\/li>\n<li>Desarrollo personal y para la convivencia.<\/li>\n<li>Desarrollo f\u00edsico y salud.<\/li>\n<li>Expresi\u00f3n y apreciaci\u00f3n art\u00edstica.<\/li>\n<\/ul>\n<h2 style=\"text-align: justify;\"><strong>Educaci\u00f3n integral<\/strong><\/h2>\n<p style=\"text-align: justify;\">Complementamos su vida acad\u00e9mica con actividades que les ayuden a mejorar sus capacidades f\u00edsicas, art\u00edsticas y emocionales, todo como parte de una preparaci\u00f3n integral.<\/p>\n<p><strong>\u2022 Formaci\u00f3n religiosa y en valores.<\/strong><br \/>\n<strong>\u2022 Educaci\u00f3n f\u00edsica.<\/strong><br \/>\n<strong>\u2022 Computaci\u00f3n.<\/strong><\/p>\n<p><img loading=\"lazy\" decoding=\"async\" class=\"alignnone wp-image-1602 size-full\" src=\"https:\/\/cmtepa.edu.mx\/wp-content\/uploads\/IMG_0068-2-scaled.jpeg\" alt=\"\" width=\"2560\" height=\"1765\" srcset=\"https:\/\/cmtepa.edu.mx\/wp-content\/uploads\/IMG_0068-2-scaled.jpeg 2560w, https:\/\/cmtepa.edu.mx\/wp-content\/uploads\/IMG_0068-2-300x207.jpeg 300w, https:\/\/cmtepa.edu.mx\/wp-content\/uploads\/IMG_0068-2-1024x706.jpeg 1024w, https:\/\/cmtepa.edu.mx\/wp-content\/uploads\/IMG_0068-2-768x529.jpeg 768w, https:\/\/cmtepa.edu.mx\/wp-content\/uploads\/IMG_0068-2-1536x1059.jpeg 1536w, https:\/\/cmtepa.edu.mx\/wp-content\/uploads\/IMG_0068-2-2048x1412.jpeg 2048w\" sizes=\"auto, (max-width: 2560px) 100vw, 2560px\" \/><\/p>\n","protected":false},"excerpt":{"rendered":"<p>Fortalecemos el aprendizaje de las ni\u00f1as y ni\u00f1os en un ambiente seguro e incluyente. Trabajamos mediante el programa establecido por la Secretar\u00eda de Educaci\u00f3n P\u00fablica a nivel priaria. Los campos de formaci\u00f3n para la educaci\u00f3n b\u00e1sica son: Lenguaje y comunicaci\u00f3n. Pensamiento matem\u00e1tico. Exploraci\u00f3n y comprensi\u00f3n del mundo natural y social. Desarrollo personal y para la [&hellip;]<\/p>\n","protected":false},"author":1,"featured_media":0,"parent":0,"menu_order":0,"comment_status":"closed","ping_status":"closed","template":"template_fullwidth.php","meta":{"footnotes":""},"class_list":["post-99","page","type-page","status-publish","hentry"],"_links":{"self":[{"href":"https:\/\/cmtepa.edu.mx\/index.php?rest_route=\/wp\/v2\/pages\/99","targetHints":{"allow":["GET"]}}],"collection":[{"href":"https:\/\/cmtepa.edu.mx\/index.php?rest_route=\/wp\/v2\/pages"}],"about":[{"href":"https:\/\/cmtepa.edu.mx\/index.php?rest_route=\/wp\/v2\/types\/page"}],"author":[{"embeddable":true,"href":"https:\/\/cmtepa.edu.mx\/index.php?rest_route=\/wp\/v2\/users\/1"}],"replies":[{"embeddable":true,"href":"https:\/\/cmtepa.edu.mx\/index.php?rest_route=%2Fwp%2Fv2%2Fcomments&post=99"}],"version-history":[{"count":11,"href":"https:\/\/cmtepa.edu.mx\/index.php?rest_route=\/wp\/v2\/pages\/99\/revisions"}],"predecessor-version":[{"id":1779,"href":"https:\/\/cmtepa.edu.mx\/index.php?rest_route=\/wp\/v2\/pages\/99\/revisions\/1779"}],"wp:attachment":[{"href":"https:\/\/cmtepa.edu.mx\/index.php?rest_route=%2Fwp%2Fv2%2Fmedia&parent=99"}],"curies":[{"name":"wp","href":"https:\/\/api.w.org\/{rel}","templated":true}]}}