{"id":84,"date":"2017-05-12T15:19:27","date_gmt":"2017-05-12T21:19:27","guid":{"rendered":"https:\/\/cmtepa.edu.mx\/?page_id=84"},"modified":"2024-02-26T12:32:57","modified_gmt":"2024-02-26T18:32:57","slug":"pastoral","status":"publish","type":"page","link":"https:\/\/cmtepa.edu.mx\/?page_id=84","title":{"rendered":"PASTORAL"},"content":{"rendered":"<div class=\"page-container\">\n<div class=\"container\">\n<div class=\"row\">\n<div class=\"page-content\">\n<div class=\"col-md-9\">\n<div class=\"content-bar gallery\">\n<h1><b>PASTORAL MARISTA<\/b><\/h1>\n<p style=\"text-align: justify;\">Lo que distingue a una Comunidad Educativa Marista (CEM) de cualquier otro colegio es el estilo de evangelizar educando; a trav\u00e9s del crecimiento en el conocimiento y pr\u00e1ctica de la fe, mediante el empoderamiento de los ni\u00f1os, ni\u00f1as y j\u00f3venes para desarrollar su liderazgo cristiano con un enfoque de compromiso social, descubriendo y celebrando el sentido de su vida y vocaci\u00f3n como respuesta a la realidad.<\/p>\n<hr \/>\n<p><strong><b><i>Funciones gen\u00e9ricas del \u00e1rea de pastoral de la escuela Marista<\/i><\/b><\/strong><\/p>\n<p><img loading=\"lazy\" decoding=\"async\" class=\"size-full wp-image-1606 aligncenter\" src=\"https:\/\/cmtepa.edu.mx\/wp-content\/uploads\/IMG_9991-scaled.jpeg\" alt=\"\" width=\"2560\" height=\"1707\" srcset=\"https:\/\/cmtepa.edu.mx\/wp-content\/uploads\/IMG_9991-scaled.jpeg 2560w, https:\/\/cmtepa.edu.mx\/wp-content\/uploads\/IMG_9991-300x200.jpeg 300w, https:\/\/cmtepa.edu.mx\/wp-content\/uploads\/IMG_9991-1024x683.jpeg 1024w, https:\/\/cmtepa.edu.mx\/wp-content\/uploads\/IMG_9991-768x512.jpeg 768w, https:\/\/cmtepa.edu.mx\/wp-content\/uploads\/IMG_9991-1536x1024.jpeg 1536w, https:\/\/cmtepa.edu.mx\/wp-content\/uploads\/IMG_9991-2048x1365.jpeg 2048w\" sizes=\"auto, (max-width: 2560px) 100vw, 2560px\" \/><\/p>\n<p><span style=\"font-size: revert; text-align: justify; color: initial;\">Como Comunidad Educativa Marista adoptamos la solidaridad como modelo de unidad, capaz de inspirar la acci\u00f3n\u00a0 de todos sus miembros para promover el desarrollo a nivel individual y comunitario. se trabaja tomando en cuenta sus diferentes niveles (asistencial, promocional y transformador) tanto en su interior como en la sociedad.<\/span><\/p>\n<p><img loading=\"lazy\" decoding=\"async\" class=\"aligncenter wp-image-1678 size-large\" src=\"https:\/\/cmtepa.edu.mx\/wp-content\/uploads\/IMG_0669-1-1024x683.jpg\" alt=\"\" width=\"590\" height=\"394\" srcset=\"https:\/\/cmtepa.edu.mx\/wp-content\/uploads\/IMG_0669-1-1024x683.jpg 1024w, https:\/\/cmtepa.edu.mx\/wp-content\/uploads\/IMG_0669-1-300x200.jpg 300w, https:\/\/cmtepa.edu.mx\/wp-content\/uploads\/IMG_0669-1-768x512.jpg 768w, https:\/\/cmtepa.edu.mx\/wp-content\/uploads\/IMG_0669-1-1536x1024.jpg 1536w, https:\/\/cmtepa.edu.mx\/wp-content\/uploads\/IMG_0669-1-2048x1365.jpg 2048w\" sizes=\"auto, (max-width: 590px) 100vw, 590px\" \/><\/p>\n<\/div>\n<div class=\"content-bar gallery\">\n<p style=\"text-align: justify;\">La cultura vocacional es un ambiente favorable para que cada persona se comprenda a s\u00ed misma en funci\u00f3n de la misi\u00f3n que Dios le conf\u00eda. La comprensi\u00f3n surge de los sentimientos, de las actitudes con enfoque\u00a0a una tarea personal en medio de una comunidad, familia y sociedad.<\/p>\n<p style=\"text-align: justify;\">Pastoral Juvenil Marista organiza, promueve y acompa\u00f1a la evangelizaci\u00f3n de los ni\u00f1os, ni\u00f1as y j\u00f3venes, buscando que ellos sean protagonistas de su propia historia y proponiendo experiencias que les hagan crecer y madurar en la fe. Por ende, no se cierra al \u00e1mbito de la escuela sino que la sobrepasa y sale al encuentro de los ni\u00f1os y j\u00f3venes, ah\u00ed donde ellos est\u00e1n.<\/p>\n<p><img loading=\"lazy\" decoding=\"async\" class=\"aligncenter size-large wp-image-1668\" src=\"https:\/\/cmtepa.edu.mx\/wp-content\/uploads\/IMG_0542-1-1024x683.jpg\" alt=\"\" width=\"590\" height=\"394\" srcset=\"https:\/\/cmtepa.edu.mx\/wp-content\/uploads\/IMG_0542-1-1024x683.jpg 1024w, https:\/\/cmtepa.edu.mx\/wp-content\/uploads\/IMG_0542-1-300x200.jpg 300w, https:\/\/cmtepa.edu.mx\/wp-content\/uploads\/IMG_0542-1-768x512.jpg 768w, https:\/\/cmtepa.edu.mx\/wp-content\/uploads\/IMG_0542-1-1536x1024.jpg 1536w, https:\/\/cmtepa.edu.mx\/wp-content\/uploads\/IMG_0542-1-2048x1365.jpg 2048w\" sizes=\"auto, (max-width: 590px) 100vw, 590px\" \/><\/p>\n<p style=\"text-align: justify;\">La Comunidad Educativa Marista ofrece un proyecto secuenciado, sistem\u00e1tico e intencionado, de educaci\u00f3n y maduraci\u00f3n de la fe para TODOS. Este proyecto formativo tiene como objetivos profundizar el primer anuncio, promover la vida sacramental y favorecer la adhesi\u00f3n a la comunidad cristiana. Esta educaci\u00f3n de la fe contempla la iniciaci\u00f3n sacramental.<\/p>\n<p style=\"text-align: justify;\">Este proceso comprende todos los \u00e1mbitos de la persona, por eso se favorece tanto la formaci\u00f3n intelectual como las experiencias, que van formando el coraz\u00f3n y van desarrollando las potencialidades hacia el servicio desinteresado e inteligente a los dem\u00e1s.<\/p>\n<div class=\"comment_section\"><\/div>\n<\/div>\n<\/div>\n<\/div>\n<\/div>\n<\/div>\n<\/div>\n<footer><\/footer>\n","protected":false},"excerpt":{"rendered":"<p>PASTORAL MARISTA Lo que distingue a una Comunidad Educativa Marista (CEM) de cualquier otro colegio es el estilo de evangelizar educando; a trav\u00e9s del crecimiento en el conocimiento y pr\u00e1ctica de la fe, mediante el empoderamiento de los ni\u00f1os, ni\u00f1as y j\u00f3venes para desarrollar su liderazgo cristiano con un enfoque de compromiso social, descubriendo y [&hellip;]<\/p>\n","protected":false},"author":1,"featured_media":0,"parent":0,"menu_order":0,"comment_status":"closed","ping_status":"closed","template":"template_fullwidth.php","meta":{"footnotes":""},"class_list":["post-84","page","type-page","status-publish","hentry"],"_links":{"self":[{"href":"https:\/\/cmtepa.edu.mx\/index.php?rest_route=\/wp\/v2\/pages\/84","targetHints":{"allow":["GET"]}}],"collection":[{"href":"https:\/\/cmtepa.edu.mx\/index.php?rest_route=\/wp\/v2\/pages"}],"about":[{"href":"https:\/\/cmtepa.edu.mx\/index.php?rest_route=\/wp\/v2\/types\/page"}],"author":[{"embeddable":true,"href":"https:\/\/cmtepa.edu.mx\/index.php?rest_route=\/wp\/v2\/users\/1"}],"replies":[{"embeddable":true,"href":"https:\/\/cmtepa.edu.mx\/index.php?rest_route=%2Fwp%2Fv2%2Fcomments&post=84"}],"version-history":[{"count":3,"href":"https:\/\/cmtepa.edu.mx\/index.php?rest_route=\/wp\/v2\/pages\/84\/revisions"}],"predecessor-version":[{"id":1710,"href":"https:\/\/cmtepa.edu.mx\/index.php?rest_route=\/wp\/v2\/pages\/84\/revisions\/1710"}],"wp:attachment":[{"href":"https:\/\/cmtepa.edu.mx\/index.php?rest_route=%2Fwp%2Fv2%2Fmedia&parent=84"}],"curies":[{"name":"wp","href":"https:\/\/api.w.org\/{rel}","templated":true}]}}