{"id":83,"date":"2017-05-12T15:19:27","date_gmt":"2017-05-12T21:19:27","guid":{"rendered":"https:\/\/cmtepa.edu.mx\/?page_id=83"},"modified":"2024-02-26T12:24:27","modified_gmt":"2024-02-26T18:24:27","slug":"apoyo-a-comunidades","status":"publish","type":"page","link":"https:\/\/cmtepa.edu.mx\/?page_id=83","title":{"rendered":"APOYO A COMUNIDADES"},"content":{"rendered":"<p style=\"text-align: justify;\">La parte central de la misi\u00f3n Marista en M\u00e9xico y el mundo, es llevar educaci\u00f3n a la poblaci\u00f3n con menos oportunidades. Por ello, en la Provincia Marista de M\u00e9xico Occidental, se han creado \u00a0tres grandes proyectos que han contribuido al desarrollo de comunidades enteras, a trav\u00e9s de la formaci\u00f3n y educaci\u00f3n de sus pobladores.<\/p>\n<p style=\"text-align: justify;\">Los Hermanos Maristas llegaron a la colonia Villas de Guadalupe, el 14 de febrero de 1994 con la firme intenci\u00f3n de rescatar a los ni\u00f1os que viven en situaci\u00f3n de calle. Se dieron cuenta que muchos otros ni\u00f1os ten\u00edan un riesgo potencial de correr la misma suerte, por lo que tomaron la decisi\u00f3n de emprender acciones m\u00e1s decisivas para tener un impacto mayor en la vida de estos ni\u00f1os.<\/p>\n<h1><\/h1>\n<p style=\"text-align: justify;\">Fue as\u00ed como naci\u00f3 la Escuela Abierta Marcelino Champagnat, que tiene por objetivo disminuir el riesgo de vivir una experiencia de calle en ni\u00f1os de 12 colonias de la zona perif\u00e9rica de Zapopan, Jalisco;\u00a0\u00a0 a trav\u00e9s de un programa integral de educaci\u00f3n, para que los ni\u00f1os que participan, logren aprendizajes que acrecienten sus capacidades y eleven su calidad de vida a fin de que puedan participar en la construcci\u00f3n de una sociedad m\u00e1s humana.<\/p>\n<p style=\"text-align: justify;\">Al sur de la ciudad en M\u00e9rida, Yucat\u00e1n, en colindancia con el aeropuerto, existe una colonia vulnerable con evidente muestra de rezago en todos los servicios elementales. Los pobladores de esta zona trabajan en servicios, su poblaci\u00f3n es flotante y de inmigrantes, rentan casas y muchos son paracaidistas. Hay un alto grado de alcoholismo, drogadicci\u00f3n, pandillerismo, algunos son hijos de sexoservidoras.<\/p>\n<p style=\"text-align: justify;\">Desde 1988, los Hermanos Maristas han apoyado sistem\u00e1ticamente esta comunidad. Pero a partir del 2002, despu\u00e9s del hurac\u00e1n Isidoro que devast\u00f3 toda la zona, Los Hermanos tomaron la decisi\u00f3n de crear un centro comunitario donde se imparten una gran variedad de cursos formativos en deportes, artes, computaci\u00f3n, idiomas y nivelaci\u00f3n acad\u00e9mica. De igual forma se brinda apoyo y asesor\u00eda psicol\u00f3gica a toda la comunidad.<\/p>\n<p style=\"text-align: justify;\">El objetivo de este centro es capacitar y formar a ni\u00f1os, adolescentes, j\u00f3venes y adultos en situaci\u00f3n de pobreza y marginalidad desde el carisma de marista: sencillez,\u00a0ambiente de\u00a0familia, presencia, amor al trabajo. En una tarea compartida\u00a0por Hermanos, colaboradores y voluntarios, inspirados\u00a0en el evangelio y la solidaridad cristiana.<\/p>\n<p style=\"text-align: justify;\">Los Hermanos Maristas llegaron a la sierra Tarahumara en el a\u00f1o de 1961 con la finalidad de proveer ayuda a la comunidad rar\u00e1muri que hist\u00f3ricamente ha vivido en condiciones extremas. Con el paso del tiempo, esta poblaci\u00f3n se ha convertido en una de las grandes misiones de toda la Comunidad Marista, a la cual se integran Hermanos, laicos y una gran cantidad de voluntarios, principalmente estudiantes de los colegios maristas.<\/p>\n<p style=\"text-align: justify;\">Actualmente la presencia marista abarca 7 comunidades enclavadas en la Sierra Tarahumara, donde se brinda los servicios de internados para todos los ni\u00f1os. Durante su estancia en estos internados, los ni\u00f1os tienen la oportunidad de estudiar desde el k\u00ednder hasta la preparatoria. Adem\u00e1s, despu\u00e9s de sus clases, reciben formaci\u00f3n en diversos talleres de oficios que los ayuda a adquirir habilidades que tienen un impacto positivo en su comunidad. Estos cursos contempla la agricultura, carpinter\u00eda, artesan\u00edas, viticultura, adem\u00e1s de deportes.<\/p>\n<p style=\"text-align: justify;\">De esta manera se busca incidir en el mejoramiento de las condiciones de vida de los pobladores de estas comunidades, aport\u00e1ndoles conocimientos y habilidades nuevas que contribuya a la generaci\u00f3n de alternativas productivas y mejoren su calidad de vida.<\/p>\n","protected":false},"excerpt":{"rendered":"<p>La parte central de la misi\u00f3n Marista en M\u00e9xico y el mundo, es llevar educaci\u00f3n a la poblaci\u00f3n con menos oportunidades. Por ello, en la Provincia Marista de M\u00e9xico Occidental, se han creado \u00a0tres grandes proyectos que han contribuido al desarrollo de comunidades enteras, a trav\u00e9s de la formaci\u00f3n y educaci\u00f3n de sus pobladores. Los [&hellip;]<\/p>\n","protected":false},"author":1,"featured_media":0,"parent":0,"menu_order":0,"comment_status":"closed","ping_status":"closed","template":"template_fullwidth.php","meta":{"footnotes":""},"class_list":["post-83","page","type-page","status-publish","hentry"],"_links":{"self":[{"href":"https:\/\/cmtepa.edu.mx\/index.php?rest_route=\/wp\/v2\/pages\/83","targetHints":{"allow":["GET"]}}],"collection":[{"href":"https:\/\/cmtepa.edu.mx\/index.php?rest_route=\/wp\/v2\/pages"}],"about":[{"href":"https:\/\/cmtepa.edu.mx\/index.php?rest_route=\/wp\/v2\/types\/page"}],"author":[{"embeddable":true,"href":"https:\/\/cmtepa.edu.mx\/index.php?rest_route=\/wp\/v2\/users\/1"}],"replies":[{"embeddable":true,"href":"https:\/\/cmtepa.edu.mx\/index.php?rest_route=%2Fwp%2Fv2%2Fcomments&post=83"}],"version-history":[{"count":7,"href":"https:\/\/cmtepa.edu.mx\/index.php?rest_route=\/wp\/v2\/pages\/83\/revisions"}],"predecessor-version":[{"id":1708,"href":"https:\/\/cmtepa.edu.mx\/index.php?rest_route=\/wp\/v2\/pages\/83\/revisions\/1708"}],"wp:attachment":[{"href":"https:\/\/cmtepa.edu.mx\/index.php?rest_route=%2Fwp%2Fv2%2Fmedia&parent=83"}],"curies":[{"name":"wp","href":"https:\/\/api.w.org\/{rel}","templated":true}]}}