{"id":63,"date":"2017-05-12T13:59:59","date_gmt":"2017-05-12T19:59:59","guid":{"rendered":"https:\/\/cmtepa.edu.mx\/?page_id=63"},"modified":"2024-02-26T11:13:10","modified_gmt":"2024-02-26T17:13:10","slug":"red-marista","status":"publish","type":"page","link":"https:\/\/cmtepa.edu.mx\/?page_id=63","title":{"rendered":"RED MARISTA"},"content":{"rendered":"<h1><strong>PRESENCIA MARISTA\u00a0<\/strong><\/h1>\n<p style=\"text-align: justify;\">La congregaci\u00f3n de los Hermanos Maristas fue fundada en La Valla, Francia por el Santo Marcelino Champagnat el 2 de enero de 1817. Su objetivo, fundar una congregaci\u00f3n de hermanos que se dedicaran a dar formaci\u00f3n integral a sus alumnos, es decir, que conjuntamente con la educaci\u00f3n intelectual, pusieran especial inter\u00e9s en ejercitar su voluntad por la pr\u00e1ctica de buenos h\u00e1bitos, en formar su coraz\u00f3n, en dar sentido a su vida; en resumen\u00a0<strong>formar buenos cristianos y virtuosos ciudadanos<\/strong>, teniendo como uno de los principios b\u00e1sicos:\u00a0<strong><i>Para educar, hay que amar<\/i>.<\/strong><\/p>\n<p><img loading=\"lazy\" decoding=\"async\" class=\"size-full wp-image-1694 alignright\" src=\"https:\/\/cmtepa.edu.mx\/wp-content\/uploads\/Poster.png\" alt=\"\" width=\"1060\" height=\"801\" srcset=\"https:\/\/cmtepa.edu.mx\/wp-content\/uploads\/Poster.png 1060w, https:\/\/cmtepa.edu.mx\/wp-content\/uploads\/Poster-300x227.png 300w, https:\/\/cmtepa.edu.mx\/wp-content\/uploads\/Poster-1024x774.png 1024w, https:\/\/cmtepa.edu.mx\/wp-content\/uploads\/Poster-768x580.png 768w\" sizes=\"auto, (max-width: 1060px) 100vw, 1060px\" \/><\/p>\n<p style=\"text-align: justify;\">El Instituto se divide en Provincias y Distritos, ambos formados por un conjunto de casas. Cada Provincia o Distrito est\u00e1 animado y gobernado por un Superior con su Consejo, bajo la autoridad del hermano Superior general y su Consejo.<\/p>\n<p>Los Hermanos Maristas son 2.507, distribuidos por las Provincias y Distritos (31\/12\/2022):<\/p>\n<p>\u00c1frica Austral (100), \u00c1frica del Oeste (83), Afrique Centre-Est (92), Am\u00e9rica Central (79), Brasil Centro-Norte (91), Brasil Centro-Sul (75), Brasil Sul-Amaz\u00f4nia (100), Canad\u00e1 (68), Compostela (154), Cruz del Sur (67), East Asia (81), Ib\u00e9rica (120), Hermitage (210), Madagascar (54), Asia (22), Mediterr\u00e1nea (148), M\u00e9xico Central (71), M\u00e9xico Occidental (105), Nigeria (122), Norandina (97), Santa Mar\u00eda de los Andes (63), South Asia (51), Star of the Sea (257), West Central Europe (75) e United States of America (104).<\/p>\n<h3><strong>PA\u00cdSES: <\/strong>79<\/h3>\n<h3><strong>HERMANOS:<\/strong> 2,507 (31\/12\/2022)<\/h3>\n<h3><strong>LAICOS:<\/strong> 79,000<\/h3>\n<h3><strong>NI\u00d1OS, NI\u00d1AS Y J\u00d3VENES: <\/strong>650,000<\/h3>\n","protected":false},"excerpt":{"rendered":"<p>PRESENCIA MARISTA\u00a0 La congregaci\u00f3n de los Hermanos Maristas fue fundada en La Valla, Francia por el Santo Marcelino Champagnat el 2 de enero de 1817. Su objetivo, fundar una congregaci\u00f3n de hermanos que se dedicaran a dar formaci\u00f3n integral a sus alumnos, es decir, que conjuntamente con la educaci\u00f3n intelectual, pusieran especial inter\u00e9s en ejercitar [&hellip;]<\/p>\n","protected":false},"author":1,"featured_media":0,"parent":0,"menu_order":0,"comment_status":"closed","ping_status":"closed","template":"template_fullwidth.php","meta":{"footnotes":""},"class_list":["post-63","page","type-page","status-publish","hentry"],"_links":{"self":[{"href":"https:\/\/cmtepa.edu.mx\/index.php?rest_route=\/wp\/v2\/pages\/63","targetHints":{"allow":["GET"]}}],"collection":[{"href":"https:\/\/cmtepa.edu.mx\/index.php?rest_route=\/wp\/v2\/pages"}],"about":[{"href":"https:\/\/cmtepa.edu.mx\/index.php?rest_route=\/wp\/v2\/types\/page"}],"author":[{"embeddable":true,"href":"https:\/\/cmtepa.edu.mx\/index.php?rest_route=\/wp\/v2\/users\/1"}],"replies":[{"embeddable":true,"href":"https:\/\/cmtepa.edu.mx\/index.php?rest_route=%2Fwp%2Fv2%2Fcomments&post=63"}],"version-history":[{"count":9,"href":"https:\/\/cmtepa.edu.mx\/index.php?rest_route=\/wp\/v2\/pages\/63\/revisions"}],"predecessor-version":[{"id":1705,"href":"https:\/\/cmtepa.edu.mx\/index.php?rest_route=\/wp\/v2\/pages\/63\/revisions\/1705"}],"wp:attachment":[{"href":"https:\/\/cmtepa.edu.mx\/index.php?rest_route=%2Fwp%2Fv2%2Fmedia&parent=63"}],"curies":[{"name":"wp","href":"https:\/\/api.w.org\/{rel}","templated":true}]}}