{"id":62,"date":"2017-05-12T13:59:59","date_gmt":"2017-05-12T19:59:59","guid":{"rendered":"https:\/\/cmtepa.edu.mx\/?page_id=62"},"modified":"2024-02-26T12:36:43","modified_gmt":"2024-02-26T18:36:43","slug":"modelo-educativo-marista","status":"publish","type":"page","link":"https:\/\/cmtepa.edu.mx\/?page_id=62","title":{"rendered":"MODELO EDUCATIVO MARISTA"},"content":{"rendered":"<p style=\"text-align: justify;\">Nuestro<strong>\u00a0modelo educativo<\/strong>, se fundamenta en una visi\u00f3n integral de la educaci\u00f3n, que busca conscientemente comunicar valores. Utilizamos una metodolog\u00eda pedag\u00f3gica peculiar, que Marcelino y los primeros maristas iniciaron y hoy en d\u00eda, sigue siendo innovadora en muchos aspectos.<\/p>\n<p><img loading=\"lazy\" decoding=\"async\" class=\"aligncenter wp-image-1675 size-large\" src=\"https:\/\/cmtepa.edu.mx\/wp-content\/uploads\/IMG_0384-1-768x1024.jpg\" alt=\"\" width=\"590\" height=\"787\" srcset=\"https:\/\/cmtepa.edu.mx\/wp-content\/uploads\/IMG_0384-1-768x1023.jpg 768w, https:\/\/cmtepa.edu.mx\/wp-content\/uploads\/IMG_0384-1-225x300.jpg 225w, https:\/\/cmtepa.edu.mx\/wp-content\/uploads\/IMG_0384-1-1153x1536.jpg 1153w, https:\/\/cmtepa.edu.mx\/wp-content\/uploads\/IMG_0384-1-1537x2048.jpg 1537w, https:\/\/cmtepa.edu.mx\/wp-content\/uploads\/IMG_0384-1-scaled.jpg 1921w\" sizes=\"auto, (max-width: 590px) 100vw, 590px\" \/><\/p>\n<p style=\"text-align: justify;\">Educamos, sobre todo, haci\u00e9ndonos presentes entre los ni\u00f1os y j\u00f3venes, demostrando que nos preocupamos por ellos, personalmente. Les brindamos nuestro tiempo, m\u00e1s all\u00e1 de nuestra dedicaci\u00f3n profesional, establecemos con ellos, una relaci\u00f3n basada en el afecto, que propicia un clima favorable al aprendizaje, la educaci\u00f3n en valores y la maduraci\u00f3n personal.<\/p>\n<p><img loading=\"lazy\" decoding=\"async\" class=\"aligncenter size-large wp-image-1670\" src=\"https:\/\/cmtepa.edu.mx\/wp-content\/uploads\/IMG_0485-1-1024x581.jpg\" alt=\"\" width=\"590\" height=\"335\" srcset=\"https:\/\/cmtepa.edu.mx\/wp-content\/uploads\/IMG_0485-1-1024x581.jpg 1024w, https:\/\/cmtepa.edu.mx\/wp-content\/uploads\/IMG_0485-1-300x170.jpg 300w, https:\/\/cmtepa.edu.mx\/wp-content\/uploads\/IMG_0485-1-768x436.jpg 768w, https:\/\/cmtepa.edu.mx\/wp-content\/uploads\/IMG_0485-1-1536x872.jpg 1536w, https:\/\/cmtepa.edu.mx\/wp-content\/uploads\/IMG_0485-1-2048x1162.jpg 2048w\" sizes=\"auto, (max-width: 590px) 100vw, 590px\" \/><\/p>\n<p>A trav\u00e9s de la Pedagog\u00eda del Esfuerzo, tratamos de que los ni\u00f1os y j\u00f3venes adquieran un car\u00e1cter y una voluntad firmes, una conciencia moral equilibrada y valores s\u00f3lidos, en los que se fundamente su vida.<\/p>\n<p>Cuidamos la motivaci\u00f3n y el proyecto personal de cada uno, promovemos el trabajo en equipo y les ayudamos a adquirir un esp\u00edritu de cooperaci\u00f3n y de sensibilidad social, para servir a aquellos que tienen necesidad.<\/p>\n<p><img loading=\"lazy\" decoding=\"async\" class=\"wp-image-1605 size-full aligncenter\" src=\"https:\/\/cmtepa.edu.mx\/wp-content\/uploads\/IMG_9984-scaled.jpeg\" alt=\"\" width=\"2560\" height=\"1347\" srcset=\"https:\/\/cmtepa.edu.mx\/wp-content\/uploads\/IMG_9984-scaled.jpeg 2560w, https:\/\/cmtepa.edu.mx\/wp-content\/uploads\/IMG_9984-300x158.jpeg 300w, https:\/\/cmtepa.edu.mx\/wp-content\/uploads\/IMG_9984-1024x539.jpeg 1024w, https:\/\/cmtepa.edu.mx\/wp-content\/uploads\/IMG_9984-768x404.jpeg 768w, https:\/\/cmtepa.edu.mx\/wp-content\/uploads\/IMG_9984-1536x808.jpeg 1536w, https:\/\/cmtepa.edu.mx\/wp-content\/uploads\/IMG_9984-2048x1077.jpeg 2048w\" sizes=\"auto, (max-width: 2560px) 100vw, 2560px\" \/><\/p>\n<p><img loading=\"lazy\" decoding=\"async\" class=\"aligncenter wp-image-1690 size-full\" src=\"https:\/\/cmtepa.edu.mx\/wp-content\/uploads\/Maristas-01-1.png\" alt=\"\" width=\"3300\" height=\"613\" srcset=\"https:\/\/cmtepa.edu.mx\/wp-content\/uploads\/Maristas-01-1.png 3300w, https:\/\/cmtepa.edu.mx\/wp-content\/uploads\/Maristas-01-1-300x56.png 300w, https:\/\/cmtepa.edu.mx\/wp-content\/uploads\/Maristas-01-1-1024x190.png 1024w, https:\/\/cmtepa.edu.mx\/wp-content\/uploads\/Maristas-01-1-768x143.png 768w, https:\/\/cmtepa.edu.mx\/wp-content\/uploads\/Maristas-01-1-1536x285.png 1536w, https:\/\/cmtepa.edu.mx\/wp-content\/uploads\/Maristas-01-1-2048x380.png 2048w\" sizes=\"auto, (max-width: 3300px) 100vw, 3300px\" \/><\/p>\n","protected":false},"excerpt":{"rendered":"<p>Nuestro\u00a0modelo educativo, se fundamenta en una visi\u00f3n integral de la educaci\u00f3n, que busca conscientemente comunicar valores. Utilizamos una metodolog\u00eda pedag\u00f3gica peculiar, que Marcelino y los primeros maristas iniciaron y hoy en d\u00eda, sigue siendo innovadora en muchos aspectos. Educamos, sobre todo, haci\u00e9ndonos presentes entre los ni\u00f1os y j\u00f3venes, demostrando que nos preocupamos por ellos, personalmente. [&hellip;]<\/p>\n","protected":false},"author":1,"featured_media":0,"parent":0,"menu_order":0,"comment_status":"closed","ping_status":"closed","template":"template_fullwidth.php","meta":{"footnotes":""},"class_list":["post-62","page","type-page","status-publish","hentry"],"_links":{"self":[{"href":"https:\/\/cmtepa.edu.mx\/index.php?rest_route=\/wp\/v2\/pages\/62","targetHints":{"allow":["GET"]}}],"collection":[{"href":"https:\/\/cmtepa.edu.mx\/index.php?rest_route=\/wp\/v2\/pages"}],"about":[{"href":"https:\/\/cmtepa.edu.mx\/index.php?rest_route=\/wp\/v2\/types\/page"}],"author":[{"embeddable":true,"href":"https:\/\/cmtepa.edu.mx\/index.php?rest_route=\/wp\/v2\/users\/1"}],"replies":[{"embeddable":true,"href":"https:\/\/cmtepa.edu.mx\/index.php?rest_route=%2Fwp%2Fv2%2Fcomments&post=62"}],"version-history":[{"count":6,"href":"https:\/\/cmtepa.edu.mx\/index.php?rest_route=\/wp\/v2\/pages\/62\/revisions"}],"predecessor-version":[{"id":1712,"href":"https:\/\/cmtepa.edu.mx\/index.php?rest_route=\/wp\/v2\/pages\/62\/revisions\/1712"}],"wp:attachment":[{"href":"https:\/\/cmtepa.edu.mx\/index.php?rest_route=%2Fwp%2Fv2%2Fmedia&parent=62"}],"curies":[{"name":"wp","href":"https:\/\/api.w.org\/{rel}","templated":true}]}}