{"id":61,"date":"2017-05-12T13:59:59","date_gmt":"2017-05-12T19:59:59","guid":{"rendered":"https:\/\/cmtepa.edu.mx\/?page_id=61"},"modified":"2024-02-19T12:57:54","modified_gmt":"2024-02-19T18:57:54","slug":"quienes-somos","status":"publish","type":"page","link":"https:\/\/cmtepa.edu.mx\/?page_id=61","title":{"rendered":"QUI\u00c9NES SOMOS"},"content":{"rendered":"<p><img loading=\"lazy\" decoding=\"async\" class=\"aligncenter wp-image-1626 size-medium\" src=\"https:\/\/cmtepa.edu.mx\/wp-content\/uploads\/San-Marcelino-161x300.jpg\" alt=\"\" width=\"161\" height=\"300\" srcset=\"https:\/\/cmtepa.edu.mx\/wp-content\/uploads\/San-Marcelino-161x300.jpg 161w, https:\/\/cmtepa.edu.mx\/wp-content\/uploads\/San-Marcelino.jpg 424w\" sizes=\"auto, (max-width: 161px) 100vw, 161px\" \/><\/p>\n<p style=\"text-align: justify;\">Somos un centro educativo que pertenece al Instituto Marista cuya propuesta pedag\u00f3gica est\u00e1 fundamentada en la idea que alumbr\u00f3 la fundaci\u00f3n de la Congregaci\u00f3n en 1816 por iniciativa de San Marcelino Champagnat, formar: &#8220;Buenos cristianos y virtuosos ciudadanos&#8221;.<\/p>\n<h1 style=\"text-align: center;\"><img decoding=\"async\" class=\"aligncenter size-full wp-image-536\" src=\"http:\/\/agsprimaria.maristas.org.mx\/wp-content\/uploads\/2017\/02\/virtuosos.png\" alt=\"\" width=\"100%\" height=\"\" \/><\/h1>\n<p style=\"text-align: justify;\">Detr\u00e1s de esta simple frase existe una filosof\u00eda basada en la formaci\u00f3n de un esp\u00edritu cr\u00edtico con el que ni\u00f1os y ni\u00f1as aprenden a crecer en libertad personal y a conocer desde peque\u00f1os, las exigencias de la vida real.<\/p>\n<h1><strong>MISI\u00d3N<\/strong><\/h1>\n<p style=\"text-align: justify;\">Somos una comunidad educativa Marista que continuamos el sue\u00f1o de San Marcelino Champagnat: &#8220;Dar a conocer a Jesucristo y hacerlo amar&#8221;.<\/p>\n<p style=\"text-align: justify;\">Formamos buenos cristianos y buenos ciudadanos con una clara inclinaci\u00f3n solidaria, a trav\u00e9s de un proyecto educativo siempre renovado que integre fe, ciencia, y cultura de acuerdo a los principios de una concepci\u00f3n cristiana de las personas, la sociedad y la naturaleza.<\/p>\n<h1><strong>VALORES<\/strong><\/h1>\n<p style=\"text-align: justify;\"><strong>Presencia:<\/strong>\u00a0Valor que nos mantiene atentos a las necesidades de nuestros estudiantes, ya que brindamos un tiempo m\u00e1s all\u00e1 de nuestra dedicaci\u00f3n profesional.<\/p>\n<p style=\"text-align: justify;\"><strong>Sencillez:<\/strong>\u00a0Valor por el que manifestamos nuestras relaciones interpersonales, siendo aut\u00e9nticas, directas y honestas.<\/p>\n<p style=\"text-align: justify;\"><strong>Esp\u00edritu de familia:<\/strong>\u00a0Valor con el que nos relacionamos, como miembros de una familia que se ama, basamos nuestro ambiente de trabajo en el esp\u00edritu de responsabilidad compartida, y a la vez, de autonom\u00eda responsable.<\/p>\n<p style=\"text-align: justify;\"><strong>Amor al trabajo:<\/strong>\u00a0Es una caracter\u00edstica propiamente Marista, ya que nos hace ser fieles en lo que hacemos, aplicando estrategias de mejoramiento profesional.<\/p>\n<p style=\"text-align: justify;\"><strong>Amor a\u00a0Jes\u00fas por Mar\u00eda:<\/strong>\u00a0Nos da identidad, ya que nuestro centro es la educaci\u00f3n cristiana; hacemos vida las actitudes que reconocemos en Mar\u00eda, modelo perfecto del educador Marista: respondemos con fe al llamado de Dios en nuestra vocaci\u00f3n.<\/p>\n<p style=\"text-align: justify;\"><strong>Solidaridad:<\/strong>\u00a0El hacer comunidad para poder ser solidario con los dem\u00e1s, es lo esencial.<\/p>\n<p style=\"text-align: center;\"><img loading=\"lazy\" decoding=\"async\" class=\"alignnone wp-image-1601 size-full\" src=\"https:\/\/cmtepa.edu.mx\/wp-content\/uploads\/IMG_0044-scaled.jpeg\" alt=\"\" width=\"2560\" height=\"1707\" srcset=\"https:\/\/cmtepa.edu.mx\/wp-content\/uploads\/IMG_0044-scaled.jpeg 2560w, https:\/\/cmtepa.edu.mx\/wp-content\/uploads\/IMG_0044-300x200.jpeg 300w, https:\/\/cmtepa.edu.mx\/wp-content\/uploads\/IMG_0044-1024x683.jpeg 1024w, https:\/\/cmtepa.edu.mx\/wp-content\/uploads\/IMG_0044-768x512.jpeg 768w, https:\/\/cmtepa.edu.mx\/wp-content\/uploads\/IMG_0044-1536x1024.jpeg 1536w, https:\/\/cmtepa.edu.mx\/wp-content\/uploads\/IMG_0044-2048x1365.jpeg 2048w\" sizes=\"auto, (max-width: 2560px) 100vw, 2560px\" \/><\/p>\n<h1><img decoding=\"async\" class=\"aligncenter size-full wp-image-483\" src=\"http:\/\/agsprimaria.maristas.org.mx\/wp-content\/uploads\/2017\/03\/SER_PARA.png\" sizes=\"(max-width: 2000px) 100vw, 2000px\" srcset=\"http:\/\/agsprimaria.maristas.org.mx\/wp-content\/uploads\/2017\/03\/SER_PARA.png 2000x, http:\/\/agsprimaria.maristas.org.mx\/wp-content\/uploads\/2017\/03\/SER_PARA-300x25.png 300x, http:\/\/agsprimaria.maristas.org.mx\/wp-content\/uploads\/2017\/03\/SER_PARA-768x64.png 768x, http:\/\/agsprimaria.maristas.org.mx\/wp-content\/uploads\/2017\/03\/SER_PARA-1024x86.png 1024x\" alt=\"\" width=\"100%\" height=\"\" \/><\/h1>\n","protected":false},"excerpt":{"rendered":"<p>Somos un centro educativo que pertenece al Instituto Marista cuya propuesta pedag\u00f3gica est\u00e1 fundamentada en la idea que alumbr\u00f3 la fundaci\u00f3n de la Congregaci\u00f3n en 1816 por iniciativa de San Marcelino Champagnat, formar: &#8220;Buenos cristianos y virtuosos ciudadanos&#8221;. Detr\u00e1s de esta simple frase existe una filosof\u00eda basada en la formaci\u00f3n de un esp\u00edritu cr\u00edtico con [&hellip;]<\/p>\n","protected":false},"author":1,"featured_media":0,"parent":0,"menu_order":0,"comment_status":"closed","ping_status":"closed","template":"template_fullwidth.php","meta":{"footnotes":""},"class_list":["post-61","page","type-page","status-publish","hentry"],"_links":{"self":[{"href":"https:\/\/cmtepa.edu.mx\/index.php?rest_route=\/wp\/v2\/pages\/61","targetHints":{"allow":["GET"]}}],"collection":[{"href":"https:\/\/cmtepa.edu.mx\/index.php?rest_route=\/wp\/v2\/pages"}],"about":[{"href":"https:\/\/cmtepa.edu.mx\/index.php?rest_route=\/wp\/v2\/types\/page"}],"author":[{"embeddable":true,"href":"https:\/\/cmtepa.edu.mx\/index.php?rest_route=\/wp\/v2\/users\/1"}],"replies":[{"embeddable":true,"href":"https:\/\/cmtepa.edu.mx\/index.php?rest_route=%2Fwp%2Fv2%2Fcomments&post=61"}],"version-history":[{"count":10,"href":"https:\/\/cmtepa.edu.mx\/index.php?rest_route=\/wp\/v2\/pages\/61\/revisions"}],"predecessor-version":[{"id":1638,"href":"https:\/\/cmtepa.edu.mx\/index.php?rest_route=\/wp\/v2\/pages\/61\/revisions\/1638"}],"wp:attachment":[{"href":"https:\/\/cmtepa.edu.mx\/index.php?rest_route=%2Fwp%2Fv2%2Fmedia&parent=61"}],"curies":[{"name":"wp","href":"https:\/\/api.w.org\/{rel}","templated":true}]}}