{"id":2,"date":"2017-05-09T10:16:00","date_gmt":"2017-05-09T16:16:00","guid":{"rendered":"https:\/\/cmtepa.edu.mx\/?page_id=2"},"modified":"2024-03-05T08:00:30","modified_gmt":"2024-03-05T14:00:30","slug":"historia","status":"publish","type":"page","link":"https:\/\/cmtepa.edu.mx\/?page_id=2","title":{"rendered":"Historia"},"content":{"rendered":"<p style=\"text-align: left;\">Una Comunidad Educativa Marista, cuyas ra\u00edces se remontan al a\u00f1o de 1817 en Francia, donde nace el Instituto de los Hermanos Maristas de la Ense\u00f1anza, fundados por el sacerdote y educador visionario San Marcelino Champagnat.<\/p>\n<p><img loading=\"lazy\" decoding=\"async\" class=\"wp-image-1686 size-full aligncenter\" src=\"https:\/\/cmtepa.edu.mx\/wp-content\/uploads\/Escanear0079-e1708965380735.jpg\" alt=\"\" width=\"744\" height=\"875\" srcset=\"https:\/\/cmtepa.edu.mx\/wp-content\/uploads\/Escanear0079-e1708965380735.jpg 744w, https:\/\/cmtepa.edu.mx\/wp-content\/uploads\/Escanear0079-e1708965380735-255x300.jpg 255w\" sizes=\"auto, (max-width: 744px) 100vw, 744px\" \/><\/p>\n<h1>Inicio en Tepatitl\u00e1n<\/h1>\n<p style=\"text-align: left;\">El Colegio Morelos es una instituci\u00f3n educativa emblem\u00e1tica en la ciudad de Tepatitl\u00e1n, cuya fundaci\u00f3n se remonta a la d\u00e9cada de 1930. Su establecimiento fue impulsado por un grupo de personas filantr\u00f3picas y preocupadas por el progreso social de la comunidad, en un contexto marcado por cambios significativos en la educaci\u00f3n y la sociedad mexicana.<\/p>\n<p style=\"text-align: left;\">El origen del colegio se encuentra en la necesidad de preservar la educaci\u00f3n cat\u00f3lica en un momento en que las escuelas religiosas enfrentaban desaf\u00edos debido a cambios legislativos, como la Constituci\u00f3n de 1917, que estableci\u00f3 la educaci\u00f3n laica y gratuita en M\u00e9xico. Esta situaci\u00f3n motiv\u00f3 a los benefactores a crear una instituci\u00f3n que pudiera satisfacer las demandas educativas de la poblaci\u00f3n, manteniendo sus valores y creencias.<\/p>\n<p>La participaci\u00f3n de la comunidad Marista, bajo la propuesta del obispo Francisco Orozco y Jim\u00e9nez, fue fundamental en el establecimiento y desarrollo del colegio. Desde sus inicios, los Maristas se comprometieron no solo con la ense\u00f1anza acad\u00e9mica, sino tambi\u00e9n con la promoci\u00f3n de un modelo educativo basado en los principios de Marcelino Champagnat, caracterizado por enfoques pedag\u00f3gicos innovadores y un \u00e9nfasis en los valores humanos y religiosos.<\/p>\n<p>El Colegio Morelos experiment\u00f3 un crecimiento continuo a lo largo de los a\u00f1os, ampliando sus instalaciones para dar cabida a m\u00e1s estudiantes y ofrecer educaci\u00f3n en todos los niveles, desde primaria hasta preparatoria. Este crecimiento estuvo respaldado por la participaci\u00f3n activa de la comunidad educativa, as\u00ed como por el apoyo de l\u00edderes locales y autoridades eclesi\u00e1sticas.<\/p>\n<p>Adem\u00e1s de su enfoque acad\u00e9mico, el colegio se destac\u00f3 por su compromiso con actividades extracurriculares, deportivas y culturales, que no solo enriquecieron la experiencia educativa de los estudiantes, sino que tambi\u00e9n fortalecieron los lazos comunitarios y fomentaron el esp\u00edritu de colaboraci\u00f3n y solidaridad.<\/p>\n<p>A lo largo de los a\u00f1os, el Colegio Morelos ha mantenido su relevancia y prestigio como instituci\u00f3n educativa l\u00edder en la regi\u00f3n, gracias al trabajo continuo de sus directivos, docentes y personal administrativo, as\u00ed como al compromiso de sus alumnos y exalumnos. Su enfoque en la formaci\u00f3n integral y en la promoci\u00f3n de valores maristas ha sido fundamental para su \u00e9xito y su contribuci\u00f3n al desarrollo de la sociedad tepatitlense.<\/p>\n","protected":false},"excerpt":{"rendered":"<p>Una Comunidad Educativa Marista, cuyas ra\u00edces se remontan al a\u00f1o de 1817 en Francia, donde nace el Instituto de los Hermanos Maristas de la Ense\u00f1anza, fundados por el sacerdote y educador visionario San Marcelino Champagnat. Inicio en Tepatitl\u00e1n El Colegio Morelos es una instituci\u00f3n educativa emblem\u00e1tica en la ciudad de Tepatitl\u00e1n, cuya fundaci\u00f3n se remonta [&hellip;]<\/p>\n","protected":false},"author":1,"featured_media":0,"parent":0,"menu_order":0,"comment_status":"closed","ping_status":"closed","template":"template_fullwidth.php","meta":{"footnotes":""},"class_list":["post-2","page","type-page","status-publish","hentry"],"_links":{"self":[{"href":"https:\/\/cmtepa.edu.mx\/index.php?rest_route=\/wp\/v2\/pages\/2","targetHints":{"allow":["GET"]}}],"collection":[{"href":"https:\/\/cmtepa.edu.mx\/index.php?rest_route=\/wp\/v2\/pages"}],"about":[{"href":"https:\/\/cmtepa.edu.mx\/index.php?rest_route=\/wp\/v2\/types\/page"}],"author":[{"embeddable":true,"href":"https:\/\/cmtepa.edu.mx\/index.php?rest_route=\/wp\/v2\/users\/1"}],"replies":[{"embeddable":true,"href":"https:\/\/cmtepa.edu.mx\/index.php?rest_route=%2Fwp%2Fv2%2Fcomments&post=2"}],"version-history":[{"count":5,"href":"https:\/\/cmtepa.edu.mx\/index.php?rest_route=\/wp\/v2\/pages\/2\/revisions"}],"predecessor-version":[{"id":1786,"href":"https:\/\/cmtepa.edu.mx\/index.php?rest_route=\/wp\/v2\/pages\/2\/revisions\/1786"}],"wp:attachment":[{"href":"https:\/\/cmtepa.edu.mx\/index.php?rest_route=%2Fwp%2Fv2%2Fmedia&parent=2"}],"curies":[{"name":"wp","href":"https:\/\/api.w.org\/{rel}","templated":true}]}}