{"id":1829,"date":"2025-01-28T11:23:43","date_gmt":"2025-01-28T17:23:43","guid":{"rendered":"https:\/\/cmtepa.edu.mx\/?page_id=1829"},"modified":"2026-02-04T11:04:50","modified_gmt":"2026-02-04T17:04:50","slug":"apoyos-economicos","status":"publish","type":"page","link":"https:\/\/cmtepa.edu.mx\/?page_id=1829","title":{"rendered":"Apoyos econ\u00f3micos"},"content":{"rendered":"\n<h2 class=\"wp-block-heading\">Reglamento<\/h2>\n\n\n\n<div data-wp-interactive=\"core\/file\" class=\"wp-block-file\"><object data-wp-bind--hidden=\"!state.hasPdfPreview\" hidden class=\"wp-block-file__embed\" data=\"https:\/\/cmtepa.edu.mx\/wp-content\/uploads\/ReglamentoBecas.pdf\" type=\"application\/pdf\" style=\"width:100%;height:600px\" aria-label=\"Incrustado de ReglamentoBecas.\"><\/object><a id=\"wp-block-file--media-a682d390-ff5e-45b4-b6ce-b2de2e18b1ed\" href=\"https:\/\/cmtepa.edu.mx\/wp-content\/uploads\/ReglamentoBecas.pdf\">ReglamentoBecas<\/a><a href=\"https:\/\/cmtepa.edu.mx\/wp-content\/uploads\/ReglamentoBecas.pdf\" class=\"wp-block-file__button wp-element-button\" download aria-describedby=\"wp-block-file--media-a682d390-ff5e-45b4-b6ce-b2de2e18b1ed\">Descarga<\/a><\/div>\n\n\n\n<hr class=\"wp-block-separator has-alpha-channel-opacity\"\/>\n\n\n\n<h2 class=\"wp-block-heading\">Renovaci\u00f3n de apoyo econ\u00f3mico<\/h2>\n\n\n\n<p>Si ya cuentas con apoyo econ\u00f3mico, esta secci\u00f3n y formulario son para ti<\/p>\n\n\n\n<h4 class=\"wp-block-heading\">Convocatoria 2026 &#8211; 2027<\/h4>\n\n\n\n<div data-wp-interactive=\"core\/file\" class=\"wp-block-file\"><object data-wp-bind--hidden=\"!state.hasPdfPreview\" hidden class=\"wp-block-file__embed\" data=\"https:\/\/cmtepa.edu.mx\/wp-content\/uploads\/Convocatoria-de-Refrendo-de-AP-26-27.pdf\" type=\"application\/pdf\" style=\"width:100%;height:600px\" aria-label=\"Incrustado de Convocatoria de Refrendo de AP 26-27.\"><\/object><a id=\"wp-block-file--media-2dcf6f19-9dc3-4797-93f1-0fbc032bda77\" href=\"https:\/\/cmtepa.edu.mx\/wp-content\/uploads\/Convocatoria-de-Refrendo-de-AP-26-27.pdf\">Convocatoria de Refrendo de AP 26-27<\/a><a href=\"https:\/\/cmtepa.edu.mx\/wp-content\/uploads\/Convocatoria-de-Refrendo-de-AP-26-27.pdf\" class=\"wp-block-file__button wp-element-button\" download aria-describedby=\"wp-block-file--media-2dcf6f19-9dc3-4797-93f1-0fbc032bda77\">Descarga<\/a><\/div>\n\n\n\n<div class=\"wp-block-buttons is-layout-flex wp-block-buttons-is-layout-flex\">\n<div class=\"wp-block-button\"><a class=\"wp-block-button__link wp-element-button\" href=\"https:\/\/forms.gle\/Gvkn9mmacTvx5f8P9\" target=\"_blank\" rel=\"noreferrer noopener\">Formulario renovaci\u00f3n de apoyos econ\u00f3micos<\/a><\/div>\n<\/div>\n\n\n\n<hr class=\"wp-block-separator has-alpha-channel-opacity\"\/>\n\n\n\n<h2 class=\"wp-block-heading\">Solicitudes Nuevas<\/h2>\n\n\n\n<p>Si es la primera vez que solicitas el apoyo econ\u00f3mico, esta secci\u00f3n y formulario son para ti<\/p>\n\n\n\n<h4 class=\"wp-block-heading\">Convocatoria 2026 &#8211; 2027<\/h4>\n\n\n\n<div data-wp-interactive=\"core\/file\" class=\"wp-block-file\"><object data-wp-bind--hidden=\"!state.hasPdfPreview\" hidden class=\"wp-block-file__embed\" data=\"https:\/\/cmtepa.edu.mx\/wp-content\/uploads\/CONVOCATORIA-PARA-APOYOS-ECONOMICOS-2026-CMT.pdf\" type=\"application\/pdf\" style=\"width:100%;height:600px\" aria-label=\"Incrustado de CONVOCATORIA PARA APOYOS ECONOMICOS 2026 CMT.\"><\/object><a id=\"wp-block-file--media-9622c449-beaa-45ec-8cd8-2bcf36792f78\" href=\"https:\/\/cmtepa.edu.mx\/wp-content\/uploads\/CONVOCATORIA-PARA-APOYOS-ECONOMICOS-2026-CMT.pdf\">CONVOCATORIA PARA APOYOS ECONOMICOS 2026 CMT<\/a><a href=\"https:\/\/cmtepa.edu.mx\/wp-content\/uploads\/CONVOCATORIA-PARA-APOYOS-ECONOMICOS-2026-CMT.pdf\" class=\"wp-block-file__button wp-element-button\" download aria-describedby=\"wp-block-file--media-9622c449-beaa-45ec-8cd8-2bcf36792f78\">Descarga<\/a><\/div>\n\n\n\n<div class=\"wp-block-buttons is-layout-flex wp-block-buttons-is-layout-flex\">\n<div class=\"wp-block-button\"><a class=\"wp-block-button__link wp-element-button\" href=\"https:\/\/forms.gle\/4TihzmGbhSrcbqmK8\" target=\"_blank\" rel=\"noreferrer noopener\">Formulario solicitud nueva apoyos econ\u00f3micos<\/a><\/div>\n<\/div>\n\n\n\n<p><\/p>\n","protected":false},"excerpt":{"rendered":"<p>Reglamento Renovaci\u00f3n de apoyo econ\u00f3mico Si ya cuentas con apoyo econ\u00f3mico, esta secci\u00f3n y formulario son para ti Convocatoria 2026 &#8211; 2027 Solicitudes Nuevas Si es la primera vez que solicitas el apoyo econ\u00f3mico, esta secci\u00f3n y formulario son para ti Convocatoria 2026 &#8211; 2027<\/p>\n","protected":false},"author":11,"featured_media":0,"parent":0,"menu_order":0,"comment_status":"closed","ping_status":"closed","template":"template_fullwidth.php","meta":{"footnotes":""},"class_list":["post-1829","page","type-page","status-publish","hentry"],"_links":{"self":[{"href":"https:\/\/cmtepa.edu.mx\/index.php?rest_route=\/wp\/v2\/pages\/1829","targetHints":{"allow":["GET"]}}],"collection":[{"href":"https:\/\/cmtepa.edu.mx\/index.php?rest_route=\/wp\/v2\/pages"}],"about":[{"href":"https:\/\/cmtepa.edu.mx\/index.php?rest_route=\/wp\/v2\/types\/page"}],"author":[{"embeddable":true,"href":"https:\/\/cmtepa.edu.mx\/index.php?rest_route=\/wp\/v2\/users\/11"}],"replies":[{"embeddable":true,"href":"https:\/\/cmtepa.edu.mx\/index.php?rest_route=%2Fwp%2Fv2%2Fcomments&post=1829"}],"version-history":[{"count":7,"href":"https:\/\/cmtepa.edu.mx\/index.php?rest_route=\/wp\/v2\/pages\/1829\/revisions"}],"predecessor-version":[{"id":1893,"href":"https:\/\/cmtepa.edu.mx\/index.php?rest_route=\/wp\/v2\/pages\/1829\/revisions\/1893"}],"wp:attachment":[{"href":"https:\/\/cmtepa.edu.mx\/index.php?rest_route=%2Fwp%2Fv2%2Fmedia&parent=1829"}],"curies":[{"name":"wp","href":"https:\/\/api.w.org\/{rel}","templated":true}]}}