{"id":1819,"date":"2024-11-29T08:09:35","date_gmt":"2024-11-29T14:09:35","guid":{"rendered":"https:\/\/cmtepa.edu.mx\/?page_id=1819"},"modified":"2024-11-29T08:30:49","modified_gmt":"2024-11-29T14:30:49","slug":"aviso-de-privacidad-sej","status":"publish","type":"page","link":"https:\/\/cmtepa.edu.mx\/?page_id=1819","title":{"rendered":"AVISO DE PRIVACIDAD SEJ"},"content":{"rendered":"\n<h2 class=\"wp-block-heading has-text-align-center\">Aviso de Privacidad Simplificado de la Coordinaci\u00f3n General Estrat\u00e9gica de Desarrollo Social respecto de la Secretar\u00eda de Educaci\u00f3n Jalisco.<\/h2>\n\n\n\n<div data-wp-interactive=\"core\/file\" class=\"wp-block-file\"><object data-wp-bind--hidden=\"!state.hasPdfPreview\" hidden class=\"wp-block-file__embed\" data=\"https:\/\/cmtepa.edu.mx\/wp-content\/uploads\/Aviso-de-Privacidad__SEJ_Agosto_2023_Simplificado.pdf\" type=\"application\/pdf\" style=\"width:100%;height:600px\" aria-label=\"Incrustado de Aviso de Privacidad__SEJ_Agosto_2023_Simplificado.\"><\/object><a id=\"wp-block-file--media-a58b771d-59fd-421e-a656-5ed4f295bb60\" href=\"https:\/\/cmtepa.edu.mx\/wp-content\/uploads\/Aviso-de-Privacidad__SEJ_Agosto_2023_Simplificado.pdf\">Aviso de Privacidad__SEJ_Agosto_2023_Simplificado<\/a><a href=\"https:\/\/cmtepa.edu.mx\/wp-content\/uploads\/Aviso-de-Privacidad__SEJ_Agosto_2023_Simplificado.pdf\" class=\"wp-block-file__button wp-element-button\" download aria-describedby=\"wp-block-file--media-a58b771d-59fd-421e-a656-5ed4f295bb60\">Descarga<\/a><\/div>\n","protected":false},"excerpt":{"rendered":"<p>Aviso de Privacidad Simplificado de la Coordinaci\u00f3n General Estrat\u00e9gica de Desarrollo Social respecto de la Secretar\u00eda de Educaci\u00f3n Jalisco.<\/p>\n","protected":false},"author":11,"featured_media":0,"parent":0,"menu_order":0,"comment_status":"closed","ping_status":"closed","template":"template_fullwidth.php","meta":{"footnotes":""},"class_list":["post-1819","page","type-page","status-publish","hentry"],"_links":{"self":[{"href":"https:\/\/cmtepa.edu.mx\/index.php?rest_route=\/wp\/v2\/pages\/1819","targetHints":{"allow":["GET"]}}],"collection":[{"href":"https:\/\/cmtepa.edu.mx\/index.php?rest_route=\/wp\/v2\/pages"}],"about":[{"href":"https:\/\/cmtepa.edu.mx\/index.php?rest_route=\/wp\/v2\/types\/page"}],"author":[{"embeddable":true,"href":"https:\/\/cmtepa.edu.mx\/index.php?rest_route=\/wp\/v2\/users\/11"}],"replies":[{"embeddable":true,"href":"https:\/\/cmtepa.edu.mx\/index.php?rest_route=%2Fwp%2Fv2%2Fcomments&post=1819"}],"version-history":[{"count":2,"href":"https:\/\/cmtepa.edu.mx\/index.php?rest_route=\/wp\/v2\/pages\/1819\/revisions"}],"predecessor-version":[{"id":1823,"href":"https:\/\/cmtepa.edu.mx\/index.php?rest_route=\/wp\/v2\/pages\/1819\/revisions\/1823"}],"wp:attachment":[{"href":"https:\/\/cmtepa.edu.mx\/index.php?rest_route=%2Fwp%2Fv2%2Fmedia&parent=1819"}],"curies":[{"name":"wp","href":"https:\/\/api.w.org\/{rel}","templated":true}]}}