{"id":1719,"date":"2024-02-26T12:58:12","date_gmt":"2024-02-26T18:58:12","guid":{"rendered":"https:\/\/cmtepa.edu.mx\/?page_id=1719"},"modified":"2024-03-04T09:39:39","modified_gmt":"2024-03-04T15:39:39","slug":"secundaria","status":"publish","type":"page","link":"https:\/\/cmtepa.edu.mx\/?page_id=1719","title":{"rendered":"SECUNDARIA"},"content":{"rendered":"<p><img loading=\"lazy\" decoding=\"async\" class=\"aligncenter size-full wp-image-1777\" src=\"https:\/\/cmtepa.edu.mx\/wp-content\/uploads\/IMG_0689-scaled.jpg\" alt=\"\" width=\"2560\" height=\"1707\" srcset=\"https:\/\/cmtepa.edu.mx\/wp-content\/uploads\/IMG_0689-scaled.jpg 2560w, https:\/\/cmtepa.edu.mx\/wp-content\/uploads\/IMG_0689-300x200.jpg 300w, https:\/\/cmtepa.edu.mx\/wp-content\/uploads\/IMG_0689-1024x683.jpg 1024w, https:\/\/cmtepa.edu.mx\/wp-content\/uploads\/IMG_0689-768x512.jpg 768w, https:\/\/cmtepa.edu.mx\/wp-content\/uploads\/IMG_0689-1536x1024.jpg 1536w, https:\/\/cmtepa.edu.mx\/wp-content\/uploads\/IMG_0689-2048x1365.jpg 2048w\" sizes=\"auto, (max-width: 2560px) 100vw, 2560px\" \/><\/p>\n<p>El Colegio Morelos, como Escuela Marista es centro de formaci\u00f3n que colabora con las familias de la regi\u00f3n &#8220;Alte\u00f1a&#8221; en la formaci\u00f3n de personas cristianas al estilo de San Marcelino Champagnat.<\/p>\n<p>Como secci\u00f3n de secundaria nos regimos por el Modelo Educativo Marista y nos adaptamos a la era que vivimos con y entre los adolescentes y j\u00f3venes.<\/p>\n<p><img loading=\"lazy\" decoding=\"async\" class=\"aligncenter size-full wp-image-1666\" src=\"https:\/\/cmtepa.edu.mx\/wp-content\/uploads\/IMG_0534-1-scaled.jpg\" alt=\"\" width=\"2560\" height=\"1707\" srcset=\"https:\/\/cmtepa.edu.mx\/wp-content\/uploads\/IMG_0534-1-scaled.jpg 2560w, https:\/\/cmtepa.edu.mx\/wp-content\/uploads\/IMG_0534-1-300x200.jpg 300w, https:\/\/cmtepa.edu.mx\/wp-content\/uploads\/IMG_0534-1-1024x683.jpg 1024w, https:\/\/cmtepa.edu.mx\/wp-content\/uploads\/IMG_0534-1-768x512.jpg 768w, https:\/\/cmtepa.edu.mx\/wp-content\/uploads\/IMG_0534-1-1536x1024.jpg 1536w, https:\/\/cmtepa.edu.mx\/wp-content\/uploads\/IMG_0534-1-2048x1365.jpg 2048w\" sizes=\"auto, (max-width: 2560px) 100vw, 2560px\" \/> <br \/>En un mundo complejo y cambiante en el que vivimos y en una sociedad competitiva, formamos a las nuevas generaciones para que adquieran las competencias para crecer, desarrollarse plenamente y para transformar la sociedad en un lugar m\u00e1s justo, fraterno y solidario.<\/p>\n<p>Somos parte de esta Comunidad Educativa Marista de Tepatitl\u00e1n, donde las alumnas y alumnos, Padres de Familia, personal docente, administrativo e intendencia, d\u00eda a d\u00eda buscamos desarrollarnos intelectual y emocionalmente.<\/p>\n<p>Como secci\u00f3n hemos tenido varios logros, de los cuales nos sentimos orgullosos: <br \/>La pandemia nos hizo dar un giro importante, nos oblig\u00f3 a usar las herramientas tecnol\u00f3gicas para el desarrollo de nuestro trabajo docente, una vez concluido el trabajo a distancia decidimos seguir utilizando la tecnolog\u00eda a nuestro favor y ahora mucho de nuestro desempe\u00f1o est\u00e1 enriquecido con estas herramientas y as\u00ed contribuimos al cuidado del medio ambiente.<\/p>\n<p>Hemos adaptado nuestra labor docente la nueva forma planteado por la SEP, trabajo por proyectos, en los cuales se busca el desarrollo de las capacidades colaborativas y la integraci\u00f3n de los contenidos curriculares por los distintos campos formativos.<\/p>\n<p><img loading=\"lazy\" decoding=\"async\" class=\"aligncenter wp-image-1674 size-large\" src=\"https:\/\/cmtepa.edu.mx\/wp-content\/uploads\/IMG_0408-1-1024x662.jpg\" alt=\"\" width=\"590\" height=\"381\" srcset=\"https:\/\/cmtepa.edu.mx\/wp-content\/uploads\/IMG_0408-1-1024x662.jpg 1024w, https:\/\/cmtepa.edu.mx\/wp-content\/uploads\/IMG_0408-1-300x194.jpg 300w, https:\/\/cmtepa.edu.mx\/wp-content\/uploads\/IMG_0408-1-768x496.jpg 768w, https:\/\/cmtepa.edu.mx\/wp-content\/uploads\/IMG_0408-1-1536x993.jpg 1536w, https:\/\/cmtepa.edu.mx\/wp-content\/uploads\/IMG_0408-1-2048x1323.jpg 2048w, https:\/\/cmtepa.edu.mx\/wp-content\/uploads\/IMG_0408-1-250x160.jpg 250w\" sizes=\"auto, (max-width: 590px) 100vw, 590px\" \/> <br \/>En el \u00e1rea de ingl\u00e9s como segunda lengua, tenemos varios a\u00f1os con la implementaci\u00f3n de ingl\u00e9s por niveles, al principio del curso escolar se hace una valoraci\u00f3n los conocimientos de los alumnos y se les ubica de cuerdo a la habilidad que tiene cada uno de ellos y con ellos seguir adquiriendo habilidades comunicativas en esta lengua.<\/p>\n<p>Como secci\u00f3n hemos participado siempre en concursos promovidos por instancias de la SEP u otras Instituciones que promueven este tipo de eventos con el fin de desarrollar las capacidades y habilidades de matem\u00e1ticas o ciencias como el STEAM y, podemos decir, sin af\u00e1n de vanagloria, que siempre hemos estado en los primeros lugares de nuestra zona y regi\u00f3n.<\/p>\n<p><img loading=\"lazy\" decoding=\"async\" class=\"aligncenter wp-image-1671 size-large\" src=\"https:\/\/cmtepa.edu.mx\/wp-content\/uploads\/IMG_0459-1-1024x683.jpg\" alt=\"\" width=\"590\" height=\"394\" srcset=\"https:\/\/cmtepa.edu.mx\/wp-content\/uploads\/IMG_0459-1-1024x683.jpg 1024w, https:\/\/cmtepa.edu.mx\/wp-content\/uploads\/IMG_0459-1-300x200.jpg 300w, https:\/\/cmtepa.edu.mx\/wp-content\/uploads\/IMG_0459-1-768x512.jpg 768w, https:\/\/cmtepa.edu.mx\/wp-content\/uploads\/IMG_0459-1-1536x1024.jpg 1536w, https:\/\/cmtepa.edu.mx\/wp-content\/uploads\/IMG_0459-1-2048x1365.jpg 2048w\" sizes=\"auto, (max-width: 590px) 100vw, 590px\" \/><br \/>En el aspecto art\u00edstico promovemos el desarrollo de diferentes habilidades como la pintura, el dibujo; tocar instrumentos como la guitarra, el piano, la flauta, el saxof\u00f3n entre otros; y el desarrollo de algunas habilidades literarias. todo lo anterior como parte de la educaci\u00f3n integral que ofrecemos a nuestros alumnos, del desarrollo intelectual y art\u00edstico.<\/p>\n\n\n<figure class=\"wp-block-gallery has-nested-images columns-default is-cropped wp-block-gallery-1 is-layout-flex wp-block-gallery-is-layout-flex\">\n<figure class=\"wp-block-image size-large\"><img loading=\"lazy\" decoding=\"async\" width=\"1024\" height=\"683\" data-id=\"1682\" src=\"https:\/\/cmtepa.edu.mx\/wp-content\/uploads\/IMG_0598-1-1024x683.jpg\" alt=\"\" class=\"wp-image-1682\" srcset=\"https:\/\/cmtepa.edu.mx\/wp-content\/uploads\/IMG_0598-1-1024x683.jpg 1024w, https:\/\/cmtepa.edu.mx\/wp-content\/uploads\/IMG_0598-1-300x200.jpg 300w, https:\/\/cmtepa.edu.mx\/wp-content\/uploads\/IMG_0598-1-768x512.jpg 768w, https:\/\/cmtepa.edu.mx\/wp-content\/uploads\/IMG_0598-1-1536x1024.jpg 1536w, https:\/\/cmtepa.edu.mx\/wp-content\/uploads\/IMG_0598-1-2048x1365.jpg 2048w\" sizes=\"auto, (max-width: 1024px) 100vw, 1024px\" \/><\/figure>\n\n\n\n<figure class=\"wp-block-image size-large\"><img loading=\"lazy\" decoding=\"async\" width=\"1024\" height=\"683\" data-id=\"1681\" src=\"https:\/\/cmtepa.edu.mx\/wp-content\/uploads\/IMG_0640-1-1024x683.jpg\" alt=\"\" class=\"wp-image-1681\" srcset=\"https:\/\/cmtepa.edu.mx\/wp-content\/uploads\/IMG_0640-1-1024x683.jpg 1024w, https:\/\/cmtepa.edu.mx\/wp-content\/uploads\/IMG_0640-1-300x200.jpg 300w, https:\/\/cmtepa.edu.mx\/wp-content\/uploads\/IMG_0640-1-768x512.jpg 768w, https:\/\/cmtepa.edu.mx\/wp-content\/uploads\/IMG_0640-1-1536x1024.jpg 1536w, https:\/\/cmtepa.edu.mx\/wp-content\/uploads\/IMG_0640-1-2048x1365.jpg 2048w\" sizes=\"auto, (max-width: 1024px) 100vw, 1024px\" \/><\/figure>\n\n\n\n<figure class=\"wp-block-image size-large\"><img loading=\"lazy\" decoding=\"async\" width=\"1024\" height=\"683\" data-id=\"1680\" src=\"https:\/\/cmtepa.edu.mx\/wp-content\/uploads\/IMG_0642-1-1024x683.jpg\" alt=\"\" class=\"wp-image-1680\" srcset=\"https:\/\/cmtepa.edu.mx\/wp-content\/uploads\/IMG_0642-1-1024x683.jpg 1024w, https:\/\/cmtepa.edu.mx\/wp-content\/uploads\/IMG_0642-1-300x200.jpg 300w, https:\/\/cmtepa.edu.mx\/wp-content\/uploads\/IMG_0642-1-768x512.jpg 768w, https:\/\/cmtepa.edu.mx\/wp-content\/uploads\/IMG_0642-1-1536x1024.jpg 1536w, https:\/\/cmtepa.edu.mx\/wp-content\/uploads\/IMG_0642-1-2048x1365.jpg 2048w\" sizes=\"auto, (max-width: 1024px) 100vw, 1024px\" \/><\/figure>\n\n\n\n<figure class=\"wp-block-image size-large\"><img loading=\"lazy\" decoding=\"async\" width=\"1024\" height=\"683\" data-id=\"1679\" src=\"https:\/\/cmtepa.edu.mx\/wp-content\/uploads\/IMG_0653-1-1024x683.jpg\" alt=\"\" class=\"wp-image-1679\" srcset=\"https:\/\/cmtepa.edu.mx\/wp-content\/uploads\/IMG_0653-1-1024x683.jpg 1024w, https:\/\/cmtepa.edu.mx\/wp-content\/uploads\/IMG_0653-1-300x200.jpg 300w, https:\/\/cmtepa.edu.mx\/wp-content\/uploads\/IMG_0653-1-768x512.jpg 768w, https:\/\/cmtepa.edu.mx\/wp-content\/uploads\/IMG_0653-1-1536x1024.jpg 1536w, https:\/\/cmtepa.edu.mx\/wp-content\/uploads\/IMG_0653-1-2048x1365.jpg 2048w\" sizes=\"auto, (max-width: 1024px) 100vw, 1024px\" \/><\/figure>\n\n\n\n<figure class=\"wp-block-image size-large\"><img loading=\"lazy\" decoding=\"async\" width=\"1024\" height=\"693\" data-id=\"1664\" src=\"https:\/\/cmtepa.edu.mx\/wp-content\/uploads\/IMG_0588-1-1024x693.jpg\" alt=\"\" class=\"wp-image-1664\" srcset=\"https:\/\/cmtepa.edu.mx\/wp-content\/uploads\/IMG_0588-1-1024x693.jpg 1024w, https:\/\/cmtepa.edu.mx\/wp-content\/uploads\/IMG_0588-1-300x203.jpg 300w, https:\/\/cmtepa.edu.mx\/wp-content\/uploads\/IMG_0588-1-768x519.jpg 768w, https:\/\/cmtepa.edu.mx\/wp-content\/uploads\/IMG_0588-1-1536x1039.jpg 1536w, https:\/\/cmtepa.edu.mx\/wp-content\/uploads\/IMG_0588-1-2048x1385.jpg 2048w\" sizes=\"auto, (max-width: 1024px) 100vw, 1024px\" \/><\/figure>\n\n\n\n<figure class=\"wp-block-image size-large\"><img loading=\"lazy\" decoding=\"async\" width=\"1024\" height=\"613\" data-id=\"1663\" src=\"https:\/\/cmtepa.edu.mx\/wp-content\/uploads\/IMG_0580-1-1024x613.jpg\" alt=\"\" class=\"wp-image-1663\" srcset=\"https:\/\/cmtepa.edu.mx\/wp-content\/uploads\/IMG_0580-1-1024x613.jpg 1024w, https:\/\/cmtepa.edu.mx\/wp-content\/uploads\/IMG_0580-1-300x179.jpg 300w, https:\/\/cmtepa.edu.mx\/wp-content\/uploads\/IMG_0580-1-768x460.jpg 768w, https:\/\/cmtepa.edu.mx\/wp-content\/uploads\/IMG_0580-1-1536x919.jpg 1536w, https:\/\/cmtepa.edu.mx\/wp-content\/uploads\/IMG_0580-1-2048x1225.jpg 2048w\" sizes=\"auto, (max-width: 1024px) 100vw, 1024px\" \/><\/figure>\n\n\n\n<figure class=\"wp-block-image size-large\"><img loading=\"lazy\" decoding=\"async\" width=\"1024\" height=\"582\" data-id=\"1662\" src=\"https:\/\/cmtepa.edu.mx\/wp-content\/uploads\/IMG_0613-1-1024x582.jpg\" alt=\"\" class=\"wp-image-1662\" srcset=\"https:\/\/cmtepa.edu.mx\/wp-content\/uploads\/IMG_0613-1-1024x582.jpg 1024w, https:\/\/cmtepa.edu.mx\/wp-content\/uploads\/IMG_0613-1-300x171.jpg 300w, https:\/\/cmtepa.edu.mx\/wp-content\/uploads\/IMG_0613-1-768x437.jpg 768w, https:\/\/cmtepa.edu.mx\/wp-content\/uploads\/IMG_0613-1-1536x873.jpg 1536w, https:\/\/cmtepa.edu.mx\/wp-content\/uploads\/IMG_0613-1-2048x1164.jpg 2048w\" sizes=\"auto, (max-width: 1024px) 100vw, 1024px\" \/><\/figure>\n<\/figure>\n\n\n<\/p>\n<p>En cuanto a lo deportivo, no s\u00f3lo cumplimos con la asignatura de educaci\u00f3n f\u00edsica, sino que contamos con un club deportivo, que permite que nuestros alumnos puedan participar en torneos internos, con otras escuelas maristas CODEMAR, en el que podemos decir tambi\u00e9n con orgullo que siempre hemos logrados los primeros lugares y en algunas ocasiones ser los campeones a nivel nacional.<\/p>","protected":false},"excerpt":{"rendered":"<p>El Colegio Morelos, como Escuela Marista es centro de formaci\u00f3n que colabora con las familias de la regi\u00f3n &#8220;Alte\u00f1a&#8221; en la formaci\u00f3n de personas cristianas al estilo de San Marcelino Champagnat. Como secci\u00f3n de secundaria nos regimos por el Modelo Educativo Marista y nos adaptamos a la era que vivimos con y entre los adolescentes [&hellip;]<\/p>\n","protected":false},"author":11,"featured_media":0,"parent":0,"menu_order":0,"comment_status":"closed","ping_status":"closed","template":"template_fullwidth.php","meta":{"footnotes":""},"class_list":["post-1719","page","type-page","status-publish","hentry"],"_links":{"self":[{"href":"https:\/\/cmtepa.edu.mx\/index.php?rest_route=\/wp\/v2\/pages\/1719","targetHints":{"allow":["GET"]}}],"collection":[{"href":"https:\/\/cmtepa.edu.mx\/index.php?rest_route=\/wp\/v2\/pages"}],"about":[{"href":"https:\/\/cmtepa.edu.mx\/index.php?rest_route=\/wp\/v2\/types\/page"}],"author":[{"embeddable":true,"href":"https:\/\/cmtepa.edu.mx\/index.php?rest_route=\/wp\/v2\/users\/11"}],"replies":[{"embeddable":true,"href":"https:\/\/cmtepa.edu.mx\/index.php?rest_route=%2Fwp%2Fv2%2Fcomments&post=1719"}],"version-history":[{"count":9,"href":"https:\/\/cmtepa.edu.mx\/index.php?rest_route=\/wp\/v2\/pages\/1719\/revisions"}],"predecessor-version":[{"id":1780,"href":"https:\/\/cmtepa.edu.mx\/index.php?rest_route=\/wp\/v2\/pages\/1719\/revisions\/1780"}],"wp:attachment":[{"href":"https:\/\/cmtepa.edu.mx\/index.php?rest_route=%2Fwp%2Fv2%2Fmedia&parent=1719"}],"curies":[{"name":"wp","href":"https:\/\/api.w.org\/{rel}","templated":true}]}}