{"id":101,"date":"2017-05-12T15:25:45","date_gmt":"2017-05-12T21:25:45","guid":{"rendered":"https:\/\/cmtepa.edu.mx\/?page_id=101"},"modified":"2024-03-04T09:40:20","modified_gmt":"2024-03-04T15:40:20","slug":"preparatoria","status":"publish","type":"page","link":"https:\/\/cmtepa.edu.mx\/?page_id=101","title":{"rendered":"PREPARATORIA"},"content":{"rendered":"<p><img loading=\"lazy\" decoding=\"async\" class=\"aligncenter size-full wp-image-1776\" src=\"https:\/\/cmtepa.edu.mx\/wp-content\/uploads\/IMG_0707-scaled.jpg\" alt=\"\" width=\"2560\" height=\"1707\" srcset=\"https:\/\/cmtepa.edu.mx\/wp-content\/uploads\/IMG_0707-scaled.jpg 2560w, https:\/\/cmtepa.edu.mx\/wp-content\/uploads\/IMG_0707-300x200.jpg 300w, https:\/\/cmtepa.edu.mx\/wp-content\/uploads\/IMG_0707-1024x683.jpg 1024w, https:\/\/cmtepa.edu.mx\/wp-content\/uploads\/IMG_0707-768x512.jpg 768w, https:\/\/cmtepa.edu.mx\/wp-content\/uploads\/IMG_0707-1536x1024.jpg 1536w, https:\/\/cmtepa.edu.mx\/wp-content\/uploads\/IMG_0707-2048x1365.jpg 2048w\" sizes=\"auto, (max-width: 2560px) 100vw, 2560px\" \/><\/p>\n<p style=\"text-align: justify;\">Somos una comunidad educativa marista que continuamos el sue\u00f1o de san Marcelino Champagnat: &#8220;Dar a conocer a Jesucristo y hacerlo amar&#8221;. Formamos buenos cristianos y buenos ciudadanos con una clara inclinaci\u00f3n solidaria, a trav\u00e9s de un proyecto educativo siempre renovado que integre fe, ciencia y cultura, de acuerdo a los principios de una concepci\u00f3n cristiana de la personas, la sociedad y la naturaleza.<\/p>\n<p>Trabajamos mediante el programa establecido por la Secretar\u00eda de Educaci\u00f3n P\u00fablica a nivel Bachillerato.<\/p>\n<p><img loading=\"lazy\" decoding=\"async\" class=\"aligncenter wp-image-1767 size-full\" src=\"https:\/\/cmtepa.edu.mx\/wp-content\/uploads\/bachillerato-alumnas-scaled.jpg\" alt=\"\" width=\"2560\" height=\"1920\" srcset=\"https:\/\/cmtepa.edu.mx\/wp-content\/uploads\/bachillerato-alumnas-scaled.jpg 2560w, https:\/\/cmtepa.edu.mx\/wp-content\/uploads\/bachillerato-alumnas-300x225.jpg 300w, https:\/\/cmtepa.edu.mx\/wp-content\/uploads\/bachillerato-alumnas-1024x768.jpg 1024w, https:\/\/cmtepa.edu.mx\/wp-content\/uploads\/bachillerato-alumnas-768x576.jpg 768w, https:\/\/cmtepa.edu.mx\/wp-content\/uploads\/bachillerato-alumnas-1536x1152.jpg 1536w, https:\/\/cmtepa.edu.mx\/wp-content\/uploads\/bachillerato-alumnas-2048x1536.jpg 2048w\" sizes=\"auto, (max-width: 2560px) 100vw, 2560px\" \/><\/p>\n<p><strong>OFRECEMOS EDUCACI\u00d3N INTEGRAL<\/strong><\/p>\n<p style=\"text-align: justify;\">Con un alto nivel acad\u00e9mico en un ambiente seguro e incluyente. Siguiendo el lema \u201cEvangelizar educando\u201d, promovemos el desarrollo integral \u00a0de los alumnos, con capacidad cr\u00edtica y comprometidos con la transformaci\u00f3n de la sociedad.<\/p>\n<ul>\n<li>Educaci\u00f3n en la fe.<\/li>\n<li>Computaci\u00f3n.<\/li>\n<li>Torneos nacionales.<\/li>\n<li>Actividades deportivas.<\/li>\n<li>Actividades art\u00edsticas.<\/li>\n<\/ul>\n<p><strong>METODOLOG\u00cdA EDUCATIVA<\/strong><\/p>\n<ul>\n<li>Programa basado en competencias.<\/li>\n<li>Aprendizaje cooperativo y por proyectos.<\/li>\n<li>S\u00f3lida formaci\u00f3n en valores.<\/li>\n<li>Acompa\u00f1amiento personal de los alumnos.<\/li>\n<li>Ambiente inclusivo.<\/li>\n<li>Pedagog\u00eda de la presencia.<\/li>\n<\/ul>\n<p><strong>FORMAMOS L\u00cdDERES CRISTIANOS CON COMPETENCIAS<\/strong><\/p>\n<ul>\n<li>Religiosas.<\/li>\n<li>C\u00edvicas.<\/li>\n<li>Acad\u00e9micas.<\/li>\n<li>Deportivas.<\/li>\n<li>Sociales.<\/li>\n<li>Art\u00edstica.<\/li>\n<li>Digitales.<\/li>\n<\/ul>\n","protected":false},"excerpt":{"rendered":"<p>Somos una comunidad educativa marista que continuamos el sue\u00f1o de san Marcelino Champagnat: &#8220;Dar a conocer a Jesucristo y hacerlo amar&#8221;. Formamos buenos cristianos y buenos ciudadanos con una clara inclinaci\u00f3n solidaria, a trav\u00e9s de un proyecto educativo siempre renovado que integre fe, ciencia y cultura, de acuerdo a los principios de una concepci\u00f3n cristiana [&hellip;]<\/p>\n","protected":false},"author":1,"featured_media":0,"parent":0,"menu_order":0,"comment_status":"closed","ping_status":"closed","template":"template_fullwidth.php","meta":{"footnotes":""},"class_list":["post-101","page","type-page","status-publish","hentry"],"_links":{"self":[{"href":"https:\/\/cmtepa.edu.mx\/index.php?rest_route=\/wp\/v2\/pages\/101","targetHints":{"allow":["GET"]}}],"collection":[{"href":"https:\/\/cmtepa.edu.mx\/index.php?rest_route=\/wp\/v2\/pages"}],"about":[{"href":"https:\/\/cmtepa.edu.mx\/index.php?rest_route=\/wp\/v2\/types\/page"}],"author":[{"embeddable":true,"href":"https:\/\/cmtepa.edu.mx\/index.php?rest_route=\/wp\/v2\/users\/1"}],"replies":[{"embeddable":true,"href":"https:\/\/cmtepa.edu.mx\/index.php?rest_route=%2Fwp%2Fv2%2Fcomments&post=101"}],"version-history":[{"count":7,"href":"https:\/\/cmtepa.edu.mx\/index.php?rest_route=\/wp\/v2\/pages\/101\/revisions"}],"predecessor-version":[{"id":1781,"href":"https:\/\/cmtepa.edu.mx\/index.php?rest_route=\/wp\/v2\/pages\/101\/revisions\/1781"}],"wp:attachment":[{"href":"https:\/\/cmtepa.edu.mx\/index.php?rest_route=%2Fwp%2Fv2%2Fmedia&parent=101"}],"curies":[{"name":"wp","href":"https:\/\/api.w.org\/{rel}","templated":true}]}}